{"id":540,"date":"2024-07-09T12:00:01","date_gmt":"2024-07-09T10:00:01","guid":{"rendered":"https:\/\/preview.tonydezigner.com\/imositravel\/?page_id=540"},"modified":"2025-01-28T23:10:02","modified_gmt":"2025-01-28T21:10:02","slug":"terms-and-conditions","status":"publish","type":"page","link":"https:\/\/imosiservices.co.za\/fr\/terms-and-conditions\/","title":{"rendered":"Termes et Conditions"},"content":{"rendered":"<style>.elementor-540 .elementor-element.elementor-element-6eb338ed > .elementor-container{max-width:1240px;}.elementor-540 .elementor-element.elementor-element-6eb338ed:not(.elementor-motion-effects-element-type-background), .elementor-540 .elementor-element.elementor-element-6eb338ed > .elementor-motion-effects-container > .elementor-motion-effects-layer{background-image:url(\"https:\/\/imosiservices.co.za\/wp-content\/uploads\/2024\/08\/1.png\");background-position:center center;background-size:cover;}.elementor-540 .elementor-element.elementor-element-6eb338ed > .elementor-background-overlay{background-color:#000000;opacity:0.5;transition:background 0.3s, border-radius 0.3s, opacity 0.3s;}.elementor-540 .elementor-element.elementor-element-6eb338ed{transition:background 0.3s, border 0.3s, border-radius 0.3s, box-shadow 0.3s;padding:200px 0px 100px 0px;}.elementor-540 .elementor-element.elementor-element-67fb52a1 > .elementor-container{max-width:1240px;}.elementor-540 .elementor-element.elementor-element-67fb52a1{padding:0% 50% 0% 0%;}.elementor-540 .elementor-element.elementor-element-9d4c66b > .elementor-element-populated{margin:0px 0px 0px 0px;--e-column-margin-right:0px;--e-column-margin-left:0px;}.elementor-540 .elementor-element.elementor-element-81be59e .elementor-icon-list-items:not(.elementor-inline-items) .elementor-icon-list-item:not(:last-child){padding-block-end:calc(10px\/2);}.elementor-540 .elementor-element.elementor-element-81be59e .elementor-icon-list-items:not(.elementor-inline-items) .elementor-icon-list-item:not(:first-child){margin-block-start:calc(10px\/2);}.elementor-540 .elementor-element.elementor-element-81be59e .elementor-icon-list-items.elementor-inline-items .elementor-icon-list-item{margin-inline:calc(10px\/2);}.elementor-540 .elementor-element.elementor-element-81be59e .elementor-icon-list-items.elementor-inline-items{margin-inline:calc(-10px\/2);}.elementor-540 .elementor-element.elementor-element-81be59e .elementor-icon-list-items.elementor-inline-items .elementor-icon-list-item:after{inset-inline-end:calc(-10px\/2);}.elementor-540 .elementor-element.elementor-element-81be59e .elementor-icon-list-icon i{color:#FFFFFF;transition:color 0.3s;}.elementor-540 .elementor-element.elementor-element-81be59e .elementor-icon-list-icon svg{fill:#FFFFFF;transition:fill 0.3s;}.elementor-540 .elementor-element.elementor-element-81be59e{--e-icon-list-icon-size:12px;--icon-vertical-offset:0px;width:auto;max-width:auto;}.elementor-540 .elementor-element.elementor-element-81be59e .elementor-icon-list-icon{padding-inline-end:2px;}.elementor-540 .elementor-element.elementor-element-81be59e .elementor-icon-list-item > .elementor-icon-list-text, .elementor-540 .elementor-element.elementor-element-81be59e .elementor-icon-list-item > a{font-family:var( --e-global-typography-32f6ee8-font-family ), Sans-serif;font-size:var( --e-global-typography-32f6ee8-font-size );font-weight:var( --e-global-typography-32f6ee8-font-weight );line-height:var( --e-global-typography-32f6ee8-line-height );letter-spacing:var( --e-global-typography-32f6ee8-letter-spacing );word-spacing:var( --e-global-typography-32f6ee8-word-spacing );}.elementor-540 .elementor-element.elementor-element-81be59e .elementor-icon-list-text{color:#FFFFFF;transition:color 0.3s;}.elementor-540 .elementor-element.elementor-element-81be59e > .elementor-widget-container{margin:0px 0px 20px 0px;padding:6px 20px 6px 20px;background-color:#FFFFFF0D;border-style:solid;border-width:1px 1px 1px 1px;border-color:#FFFFFF36;border-radius:50px 50px 50px 50px;}.elementor-540 .elementor-element.elementor-element-81be59e.elementor-widget > .elementor-widget-container, .elementor-540 .elementor-element.elementor-element-81be59e.elementor-widget > .elementor-widget-container > *{position:relative;--jkit-option-enabled:4px;}.elementor-540 .elementor-element.elementor-element-81be59e.elementor-widget > .elementor-widget-container::before{content:\"\";width:100%;height:100%;position:absolute;left:0;top:0;-webkit-backdrop-filter:blur(4px);backdrop-filter:blur(4px);border-radius:inherit;background-color:inherit;}.elementor-540 .elementor-element.elementor-element-96e83a2 .elementor-heading-title{font-family:var( --e-global-typography-b7c5f05-font-family ), Sans-serif;font-size:var( --e-global-typography-b7c5f05-font-size );font-weight:var( --e-global-typography-b7c5f05-font-weight );line-height:var( --e-global-typography-b7c5f05-line-height );letter-spacing:var( --e-global-typography-b7c5f05-letter-spacing );word-spacing:var( --e-global-typography-b7c5f05-word-spacing );color:#FFFFFF;}.elementor-540 .elementor-element.elementor-element-3dc418f4 > .elementor-container{max-width:1240px;}.elementor-540 .elementor-element.elementor-element-3dc418f4{margin-top:0px;margin-bottom:0px;padding:100px 0px 60px 0px;}@media(min-width:768px){.elementor-540 .elementor-element.elementor-element-9d4c66b{width:100%;}}@media(max-width:1024px){.elementor-540 .elementor-element.elementor-element-6eb338ed{padding:180px 0px 80px 0px;}.elementor-540 .elementor-element.elementor-element-6b16a787 > .elementor-element-populated{padding:0px 20px 0px 20px;}.elementor-540 .elementor-element.elementor-element-67fb52a1{padding:0% 0% 0% 0%;}.elementor-540 .elementor-element.elementor-element-81be59e .elementor-icon-list-item > .elementor-icon-list-text, .elementor-540 .elementor-element.elementor-element-81be59e .elementor-icon-list-item > a{font-size:var( --e-global-typography-32f6ee8-font-size );line-height:var( --e-global-typography-32f6ee8-line-height );letter-spacing:var( --e-global-typography-32f6ee8-letter-spacing );word-spacing:var( --e-global-typography-32f6ee8-word-spacing );}.elementor-540 .elementor-element.elementor-element-96e83a2 .elementor-heading-title{font-size:var( --e-global-typography-b7c5f05-font-size );line-height:var( --e-global-typography-b7c5f05-line-height );letter-spacing:var( --e-global-typography-b7c5f05-letter-spacing );word-spacing:var( --e-global-typography-b7c5f05-word-spacing );}.elementor-540 .elementor-element.elementor-element-3dc418f4{padding:100px 20px 40px 20px;}}@media(max-width:767px){.elementor-540 .elementor-element.elementor-element-6b16a787 > .elementor-element-populated{padding:0px 10px 0px 10px;}.elementor-540 .elementor-element.elementor-element-81be59e .elementor-icon-list-item > .elementor-icon-list-text, .elementor-540 .elementor-element.elementor-element-81be59e .elementor-icon-list-item > a{font-size:var( --e-global-typography-32f6ee8-font-size );line-height:var( --e-global-typography-32f6ee8-line-height );letter-spacing:var( --e-global-typography-32f6ee8-letter-spacing );word-spacing:var( --e-global-typography-32f6ee8-word-spacing );}.elementor-540 .elementor-element.elementor-element-96e83a2 .elementor-heading-title{font-size:var( --e-global-typography-b7c5f05-font-size );line-height:var( --e-global-typography-b7c5f05-line-height );letter-spacing:var( --e-global-typography-b7c5f05-letter-spacing );word-spacing:var( --e-global-typography-b7c5f05-word-spacing );}.elementor-540 .elementor-element.elementor-element-3dc418f4{padding:80px 10px 20px 10px;}}<\/style>\t\t<div data-elementor-type=\"wp-page\" data-elementor-id=\"540\" class=\"elementor elementor-540\" data-elementor-post-type=\"page\">\n\t\t\t\t\t\t<section class=\"elementor-section elementor-top-section elementor-element elementor-element-6eb338ed elementor-section-boxed elementor-section-height-default elementor-section-height-default\" data-id=\"6eb338ed\" data-element_type=\"section\" data-e-type=\"section\" data-settings=\"{&quot;background_background&quot;:&quot;classic&quot;}\">\n\t\t\t\t\t\t\t<div class=\"elementor-background-overlay\"><\/div>\n\t\t\t\t\t\t\t<div class=\"elementor-container elementor-column-gap-no\">\n\t\t\t\t\t<div class=\"elementor-column elementor-col-100 elementor-top-column elementor-element elementor-element-6b16a787\" data-id=\"6b16a787\" data-element_type=\"column\" data-e-type=\"column\">\n\t\t\t<div class=\"elementor-widget-wrap elementor-element-populated\">\n\t\t\t\t\t\t<section class=\"elementor-section elementor-inner-section elementor-element elementor-element-67fb52a1 elementor-section-boxed elementor-section-height-default elementor-section-height-default\" data-id=\"67fb52a1\" data-element_type=\"section\" data-e-type=\"section\">\n\t\t\t\t\t\t<div class=\"elementor-container elementor-column-gap-no\">\n\t\t\t\t\t<div class=\"elementor-column elementor-col-100 elementor-inner-column elementor-element elementor-element-9d4c66b\" data-id=\"9d4c66b\" data-element_type=\"column\" data-e-type=\"column\">\n\t\t\t<div class=\"elementor-widget-wrap elementor-element-populated\">\n\t\t\t\t\t\t<div class=\"elementor-element elementor-element-81be59e elementor-icon-list--layout-inline elementor-widget__width-auto elementor-list-item-link-full_width elementor-widget elementor-widget-icon-list\" data-id=\"81be59e\" data-element_type=\"widget\" data-e-type=\"widget\" data-widget_type=\"icon-list.default\">\n\t\t\t\t<div class=\"elementor-widget-container\">\n\t\t\t\t\t\t\t<ul class=\"elementor-icon-list-items elementor-inline-items\">\n\t\t\t\t\t\t\t<li class=\"elementor-icon-list-item elementor-inline-item\">\n\t\t\t\t\t\t\t\t\t\t\t<a href=\"https:\/\/imosiservices.co.za\/fr\/\">\n\n\t\t\t\t\t\t\t\t\t\t\t<span class=\"elementor-icon-list-text\">Accueil<\/span>\n\t\t\t\t\t\t\t\t\t\t\t<\/a>\n\t\t\t\t\t\t\t\t\t<\/li>\n\t\t\t\t\t\t\t\t<li class=\"elementor-icon-list-item elementor-inline-item\">\n\t\t\t\t\t\t\t\t\t\t\t<a href=\"https:\/\/imosiservices.co.za\/fr\/terms-and-conditions\/\">\n\n\t\t\t\t\t\t\t\t\t\t\t\t<span class=\"elementor-icon-list-icon\">\n\t\t\t\t\t\t\t<svg aria-hidden=\"true\" class=\"e-font-icon-svg e-fas-chevron-circle-right\" viewbox=\"0 0 512 512\" xmlns=\"http:\/\/www.w3.org\/2000\/svg\"><path d=\"M256 8c137 0 248 111 248 248S393 504 256 504 8 393 8 256 119 8 256 8zm113.9 231L234.4 103.5c-9.4-9.4-24.6-9.4-33.9 0l-17 17c-9.4 9.4-9.4 24.6 0 33.9L285.1 256 183.5 357.6c-9.4 9.4-9.4 24.6 0 33.9l17 17c9.4 9.4 24.6 9.4 33.9 0L369.9 273c9.4-9.4 9.4-24.6 0-34z\"><\/path><\/svg>\t\t\t\t\t\t<\/span>\n\t\t\t\t\t\t\t\t\t\t<span class=\"elementor-icon-list-text\">Termes et Conditions<\/span>\n\t\t\t\t\t\t\t\t\t\t\t<\/a>\n\t\t\t\t\t\t\t\t\t<\/li>\n\t\t\t\t\t\t<\/ul>\n\t\t\t\t\t\t<\/div>\n\t\t\t\t<\/div>\n\t\t\t\t<div class=\"elementor-element elementor-element-96e83a2 elementor-widget elementor-widget-heading\" data-id=\"96e83a2\" data-element_type=\"widget\" data-e-type=\"widget\" data-widget_type=\"heading.default\">\n\t\t\t\t<div class=\"elementor-widget-container\">\n\t\t\t\t\t<h2 class=\"elementor-heading-title elementor-size-default\">Termes et Conditions<\/h2>\t\t\t\t<\/div>\n\t\t\t\t<\/div>\n\t\t\t\t\t<\/div>\n\t\t<\/div>\n\t\t\t\t\t<\/div>\n\t\t<\/section>\n\t\t\t\t\t<\/div>\n\t\t<\/div>\n\t\t\t\t\t<\/div>\n\t\t<\/section>\n\t\t\t\t<section class=\"elementor-section elementor-top-section elementor-element elementor-element-3dc418f4 elementor-section-boxed elementor-section-height-default elementor-section-height-default\" data-id=\"3dc418f4\" data-element_type=\"section\" data-e-type=\"section\">\n\t\t\t\t\t\t<div class=\"elementor-container elementor-column-gap-no\">\n\t\t\t\t\t<div class=\"elementor-column elementor-col-100 elementor-top-column elementor-element elementor-element-1cb46075\" data-id=\"1cb46075\" data-element_type=\"column\" data-e-type=\"column\">\n\t\t\t<div class=\"elementor-widget-wrap elementor-element-populated\">\n\t\t\t\t\t\t<div class=\"elementor-element elementor-element-8672a36 elementor-widget elementor-widget-text-editor\" data-id=\"8672a36\" data-element_type=\"widget\" data-e-type=\"widget\" data-widget_type=\"text-editor.default\">\n\t\t\t\t<div class=\"elementor-widget-container\">\n\t\t\t\t\t\t\t\t\t<p><strong>Termes et Conditions<\/strong><\/p><ol><li><strong> 1. Introduction<\/strong><\/li><\/ol><p>Bienvenue chez Imosi. En acc\u00e9dant \u00e0 nos services, vous acceptez d'\u00eatre li\u00e9 par ces Termes et Conditions. Veuillez les lire attentivement avant de vous engager avec nos services. Si vous n'acceptez pas une partie de ces conditions, vous devez cesser d'utiliser nos services.<\/p><ol start=\"2\"><li><strong> Port\u00e9e des Services<\/strong><\/li><\/ol><p>Imosi propose une large gamme de services, y compris, mais sans s'y limiter:<\/p><p><strong>Soutien \u00e0 la Demande de Visa:<\/strong> Aider les clients dans le processus de demande de visa en fournissant les documents n\u00e9cessaires tels que les lettres de m\u00e9decin, les lettres d'acceptation scolaire et les lettres d'invitation.<\/p><p><strong>Voyages et Visites:<\/strong> Offrir des visites guid\u00e9es au Cap, disponibles en fran\u00e7ais, anglais et espagnol. Cela inclut \u00e9galement les services de r\u00e9servation de vols et de transport.\nPlacement Scolaire et Universitaire: Aider les clients \u00e0 trouver et \u00e0 s\u00e9curiser des places dans des \u00e9tablissements \u00e9ducatifs au Cap, des cours de langue aux dipl\u00f4mes d'enseignement sup\u00e9rieur.<\/p><p>Placement Scolaire et Universitaire : Aider les clients \u00e0 trouver et \u00e0 s\u00e9curiser des places dans des \u00e9tablissements \u00e9ducatifs au Cap, des cours de langue aux dipl\u00f4mes d'enseignement sup\u00e9rieur.<\/p><p><strong>R\u00e9servation d'H\u00e9bergement:<\/strong> Collaborer avec des h\u00f4tels et des maisons d'h\u00f4tes au Cap pour offrir des h\u00e9bergements de haute qualit\u00e9 \u00e0 des tarifs exclusifs, adapt\u00e9s au budget et aux pr\u00e9f\u00e9rences du client.<\/p><p><strong>Coordination des Services de Sant\u00e9:<\/strong> Coordonner les rendez-vous avec des professionnels m\u00e9dicaux de premier plan au Cap, sp\u00e9cialis\u00e9s dans divers domaines m\u00e9dicaux, en veillant \u00e0 ce que les clients re\u00e7oivent les soins n\u00e9cessaires pendant leur s\u00e9jour.<\/p><p><strong>Facilitation d'Acquisition Immobili\u00e8re:<\/strong>Aider les clients \u00e0 identifier et acqu\u00e9rir des biens immobiliers au Cap et en Afrique du Sud, y compris des r\u00e9sidences secondaires, des propri\u00e9t\u00e9s locatives et des r\u00e9sidences \u00e0 long terme.<\/p><ol start=\"3\"><li><strong> R\u00e9servation et Paiement<\/strong><\/li><\/ol><p>En acceptant les termes du service et en initiant le processus, vous reconnaissez et acceptez les conditions suivantes relatives aux frais d'initiation de service de R1000,00 \/ \u20ac53,00 \/ $57,00.<\/p><p><strong>3.1 Processus de R\u00e9servation:<\/strong><\/p><p>Tous les services doivent \u00eatre r\u00e9serv\u00e9s par le biais de nos canaux officiels (site web, email ou en personne).  \nUne r\u00e9servation est confirm\u00e9e uniquement apr\u00e8s r\u00e9ception du paiement complet accompagn\u00e9 d'une preuve de paiement.<\/p><p>.<\/p><p><strong>3.2 Modalit\u00e9s de Paiement:<\/strong><\/p><p>Le paiement peut \u00eatre effectu\u00e9 par virement bancaire, carte de cr\u00e9dit ou tout autre mode sp\u00e9cifi\u00e9 par Imosi Services.<\/p><p>Le paiement complet est requis avant que tout service puisse \u00eatre rendu, sauf accord \u00e9crit contraire.<\/p><ol start=\"4\"><li><strong> Annulations et Remboursements.<\/strong><\/li><\/ol><p><strong>4.1 Annulation par le Client :<\/strong><\/p><p>Les annulations doivent \u00eatre effectu\u00e9es par \u00e9crit (email ou lettre).<\/p><p>Les remboursements pour les annulations sont soumis aux conditions suivantes :<\/p><p><strong>4.2 Frais Non Remboursables<\/strong><\/p><p>Lors de l'inscription au service, des frais d'initiation non remboursables de R1000 sont exig\u00e9s pour commencer \u00e0 traiter votre demande. Ces frais couvrent les co\u00fbts administratifs, de configuration et de traitement initial pour lancer le service.<\/p><p><strong>4.3 Politique d'Annulation<\/strong><\/p><p>Si vous d\u00e9cidez d'annuler le service \u00e0 tout moment, les frais d'initiation de R1000 ne seront pas rembours\u00e9s. Ces frais sont uniquement factur\u00e9s pour le d\u00e9marrage des services et ne sont pas conditionn\u00e9s par la r\u00e9ussite ou la poursuite des services.<\/p><p><strong>4.4 Aucun Remboursement en Cas d'Annulation\u00a0<\/strong><\/p><p>Ind\u00e9pendamment de la raison de l'annulation, les frais d'initiation restent non remboursables. Cela inclut les annulations effectu\u00e9es avant la prestation du service, pendant le service ou apr\u00e8s la fin du service.<\/p><p><strong>4.5 Reconnaissance des Frais<\/strong><\/p><p>En proc\u00e9dant au d\u00e9marrage du service, vous confirmez votre compr\u00e9hension et votre acceptation de la nature non remboursable des frais d'initiation de R1000.<\/p><p><strong>4.6 Poursuite du Service<\/strong><\/p><p>Dans le cas o\u00f9 vous annulez ou suspendez le service apr\u00e8s son initiation, aucun paiement suppl\u00e9mentaire ne sera requis pour la poursuite, mais les frais d'initiation ne seront pas rembours\u00e9s.<\/p><p><strong>Soutien \u00e0 la Demande de Visa:<\/strong> Aucun remboursement apr\u00e8s la soumission des documents aux autorit\u00e9s comp\u00e9tentes.\u00a0<\/p><p><strong>Voyages et Visites:<\/strong> Remboursement de 50 % si l'annulation est effectu\u00e9e 7 jours avant la date pr\u00e9vue; aucun remboursement apr\u00e8s cette date.<\/p><p><strong>Placement Scolaire et Universitaire:<\/strong> Aucun remboursement apr\u00e8s la confirmation du placement.<\/p><p><strong>R\u00e9servation d'H\u00e9bergement:<\/strong> Les politiques de remboursement sont soumises aux conditions sp\u00e9cifiques du prestataire d'h\u00e9bergement. Imosi Services facilitera le processus, mais tout remboursement sera r\u00e9gi par la politique du prestataire d'h\u00e9bergement.<\/p><p><strong>Coordination des Services de Sant\u00e9:<\/strong> Aucun remboursement apr\u00e8s que les rendez-vous m\u00e9dicaux ont \u00e9t\u00e9 confirm\u00e9s avec les prestataires de soins de sant\u00e9.<\/p><p><strong>Facilitation d'Acquisition Immobili\u00e8re:<\/strong> Aucun remboursement apr\u00e8s le d\u00e9but des processus juridiques et administratifs.<\/p><p><strong>Annulation par Imosi:<\/strong><\/p><p>Imosi se r\u00e9serve le droit d'annuler tout service pour des raisons ind\u00e9pendantes de notre volont\u00e9 (par exemple, catastrophes naturelles, instabilit\u00e9 politique). Dans de tels cas, un remboursement complet sera effectu\u00e9 ou un service alternatif sera propose.<\/p><ol start=\"5\"><li><strong> Responsabilit\u00e9s du Client<\/strong><\/li><\/ol><p><strong>5.1 Informations Pr\u00e9cises :<\/strong><\/p><p>Les clients doivent fournir des informations pr\u00e9cises et compl\u00e8tes pour tous les services. Imosi Services n'est pas responsable des probl\u00e8mes r\u00e9sultant d'informations incorrectes ou incompl\u00e8tes fournies par le client.<\/p><p><strong>5.2 Conformit\u00e9 aux Lois Locales :<\/strong><\/p><p>Les clients doivent se conformer \u00e0 toutes les lois et r\u00e9glementations locales pendant leur s\u00e9jour au Cap. Imosi Services n'est pas responsable des probl\u00e8mes juridiques qui pourraient survenir.<\/p><ol start=\"6\"><li><strong> Limitation de Responsabilit\u00e9<\/strong><\/li><\/ol><p><strong>6.1 Voyages et Visites :<\/strong><\/p><p>Imosi ne sera pas tenu responsable de toute blessure, perte ou dommage subi par les clients pendant les visites, sauf si cette blessure, perte ou dommage est caus\u00e9 par notre n\u00e9gligence grave.<\/p><p><strong>6.2 Assistance \u00e0 la Demande de Visa :<\/strong><\/p><p>Bien que nous nous effor\u00e7ons d'aider avec le processus de visa, Imosi ne garantit pas l'approbation de toute demande de visa. La d\u00e9cision finale revient aux autorit\u00e9s comp\u00e9tentes.<\/p><p><strong>6.3 Placement \u00c9ducatif :<\/strong><\/p><p>Imosi n'est pas responsable de la performance acad\u00e9mique ou des r\u00e9sultats des clients apr\u00e8s leur placement dans des \u00e9tablissements \u00e9ducatifs.<\/p><p><strong>6.4 R\u00e9servation d'H\u00e9bergement :<\/strong><\/p><p>Imosi agit en tant qu'interm\u00e9diaire entre le client et le prestataire d'h\u00e9bergement. Nous ne sommes pas responsables des diff\u00e9rends ou des probl\u00e8mes qui surviennent entre le client et le prestataire d'h\u00e9bergement. Toute responsabilit\u00e9 li\u00e9e \u00e0 l'h\u00e9bergement incombe au prestataire.<\/p><p><strong>6.5 Coordination des Services de Sant\u00e9 :<\/strong><\/p><p>Imosi coordonne les services de sant\u00e9 mais n'est pas responsable de la qualit\u00e9 des soins fournis par les professionnels m\u00e9dicaux. Toutes les d\u00e9cisions m\u00e9dicales et les traitements rel\u00e8vent de la responsabilit\u00e9 du prestataire de soins de sant\u00e9.<\/p><p><strong>6.6 Facilitation d'Acquisition Immobili\u00e8re :<\/strong><\/p><p>Imosi facilite l'acquisition de biens immobiliers mais n'est pas responsable de la performance ou de l'\u00e9tat du bien acquis. Toutes les d\u00e9cisions juridiques et financi\u00e8res rel\u00e8vent de la responsabilit\u00e9 du client, et Imosi n'est pas responsable des pertes ou dommages r\u00e9sultant des transactions immobili\u00e8res.<\/p><ol start=\"7\"><li><strong> Confidentialit\u00e9 et Protection des Donn\u00e9es<\/strong><\/li><\/ol><p><strong>7.1 Collecte de Donn\u00e9es :<\/strong><\/p><p>Imosi collecte des informations personnelles n\u00e9cessaires \u00e0 la fourniture de nos services. Ces donn\u00e9es seront trait\u00e9es conform\u00e9ment \u00e0 notre Politique de Confidentialit\u00e9.<\/p><p><strong>7.2 Partage des Donn\u00e9es :<\/strong><\/p><p>Nous pouvons partager vos informations avec des tiers (par exemple, \u00e9coles, autorit\u00e9s de visa, prestataires de soins de sant\u00e9, agents immobiliers) si n\u00e9cessaire pour fournir nos services. Nous ne partagerons pas vos donn\u00e9es \u00e0 d'autres fins sans votre consentement.<\/p><ol start=\"8\"><li><strong> Propri\u00e9t\u00e9 Intellectuelle<\/strong><\/li><\/ol><p>Tout le contenu, les logos et les mat\u00e9riaux fournis par Imosi Services sont la propri\u00e9t\u00e9 intellectuelle d\u2019Imosi Services et ne peuvent \u00eatre utilis\u00e9s sans notre autorisation \u00e9crite expresse.<\/p><ol start=\"9\"><li><strong> Droit Applicable et Juridiction<\/strong><\/li><\/ol><p>Ces Termes et Conditions sont r\u00e9gis par les lois de la R\u00e9publique d'Afrique du Sud. Tout litige d\u00e9coulant de ou li\u00e9 \u00e0 ces conditions sera soumis \u00e0 la comp\u00e9tence exclusive des tribunaux sud-africains.<\/p><ol start=\"10\"><li><strong> Modifications<\/strong><\/li><\/ol><p>Imosi se r\u00e9serve le droit de modifier ces Termes et Conditions \u00e0 tout moment. Les clients seront inform\u00e9s de tout changement significatif.<\/p><ol start=\"11\"><li><strong> Informations de Contact<\/strong><\/li><\/ol><p>Pour toute question ou pr\u00e9occupation concernant ces Termes et Conditions, veuillez nous contacter \u00e0 :<\/p><p>Email: <a href=\"mailto:info@imosiservices.co.za\">info@imosiservices.co.za<\/a><\/p><p>T\u00e9l\u00e9phone : +27685087993<\/p>\t\t\t\t\t\t\t\t<\/div>\n\t\t\t\t<\/div>\n\t\t\t\t\t<\/div>\n\t\t<\/div>\n\t\t\t\t\t<\/div>\n\t\t<\/section>\n\t\t\t\t<\/div>","protected":false},"excerpt":{"rendered":"<p>Home Terms and conditions Terms and conditions Terms and Conditions Introduction Welcome to Imosi Services. By accessing our services, you agree to be bound by these Terms and Conditions. Please read them carefully before engaging with our services. If you do not agree with any part of these terms, you must discontinue using our services.&hellip;&nbsp;<\/p>","protected":false},"author":2,"featured_media":0,"parent":0,"menu_order":2,"comment_status":"closed","ping_status":"closed","template":"page-templates\/template-pagebuilder-full-width.php","meta":{"neve_meta_sidebar":"","neve_meta_container":"","neve_meta_enable_content_width":"","neve_meta_content_width":0,"neve_meta_title_alignment":"","neve_meta_author_avatar":"","neve_post_elements_order":"","neve_meta_disable_header":"","neve_meta_disable_footer":"","neve_meta_disable_title":"","footnotes":""},"class_list":["post-540","page","type-page","status-publish","hentry"],"_links":{"self":[{"href":"https:\/\/imosiservices.co.za\/fr\/wp-json\/wp\/v2\/pages\/540","targetHints":{"allow":["GET"]}}],"collection":[{"href":"https:\/\/imosiservices.co.za\/fr\/wp-json\/wp\/v2\/pages"}],"about":[{"href":"https:\/\/imosiservices.co.za\/fr\/wp-json\/wp\/v2\/types\/page"}],"author":[{"embeddable":true,"href":"https:\/\/imosiservices.co.za\/fr\/wp-json\/wp\/v2\/users\/2"}],"replies":[{"embeddable":true,"href":"https:\/\/imosiservices.co.za\/fr\/wp-json\/wp\/v2\/comments?post=540"}],"version-history":[{"count":0,"href":"https:\/\/imosiservices.co.za\/fr\/wp-json\/wp\/v2\/pages\/540\/revisions"}],"wp:attachment":[{"href":"https:\/\/imosiservices.co.za\/fr\/wp-json\/wp\/v2\/media?parent=540"}],"curies":[{"name":"wp","href":"https:\/\/api.w.org\/{rel}","templated":true}]}}